{"id":333,"date":"2021-04-11T23:33:20","date_gmt":"2021-04-11T23:33:20","guid":{"rendered":"https:\/\/lesaimantsdelanature.ca\/?page_id=333"},"modified":"2025-11-01T17:23:27","modified_gmt":"2025-11-01T17:23:27","slug":"demarche-artistique","status":"publish","type":"page","link":"https:\/\/sandraveillette.com\/en\/demarche-artistique\/","title":{"rendered":"Artist Statement"},"content":{"rendered":"<p><\/p>\n\n\n\n<p>Sandra Veillette's artistic universe unfolds through her innovative use of natural elements. The artist often describes herself as a sculptor-gatherer, as nature provides not only the raw materials from which she creates her works, but also an inexhaustible source of inspiration. Each piece is the result of a lengthy process that usually begins with a central element that sparks her imagination. This is often a piece of wood whose unique shape evokes a body in motion or a particularly expressive pose. It may also embody a physical characteristic that gives the character an unconventional personality. Additional elements are then added, selected, and transformed so as to achieve a delicate balance between shapes, colours, and textures. Various assemblage techniques, refined over the years, are used to ensure the solidity of the work while allowing for a harmonious combination of its components. Although faceless, the characters created by the artist exude a singular evocative power. Within this anonymity lies an intense presence, which speaks solely through the power of form and gesture. The absence of faces also opens up a space for interpretation, where each viewer can project their own emotions and memories. Presented alone or in groups, these figures occupy the space with dignity, compelling us to pause and reconnect with the infinite riches that nature has to offer.<\/p>\n\n\n\n<p><\/p>\n\n\n\n<p><\/p>","protected":false},"excerpt":{"rendered":"<p>L\u2019univers artistique de Sandra Veillette se d\u00e9ploie de fa\u00e7on harmonieuse dans une utilisation nouvelle des \u00e9l\u00e9ments de la nature. Celle-ci est non seulement une source in\u00e9puisable d\u2019inspiration, mais aussi la p\u00e9pini\u00e8re qui fournit les mati\u00e8res premi\u00e8res \u00e0 partir desquelles elle cr\u00e9e ses \u0153uvres. L\u2019artiste fouille, collecte, r\u00e9colte autant d\u2019\u00e9l\u00e9ments disparates du monde animal, v\u00e9g\u00e9tal et &hellip; <\/p>","protected":false},"author":1,"featured_media":0,"parent":0,"menu_order":0,"comment_status":"closed","ping_status":"closed","template":"","meta":{"footnotes":""},"class_list":["post-333","page","type-page","status-publish","hentry","latest_post","grid-sizer"],"_links":{"self":[{"href":"https:\/\/sandraveillette.com\/en\/wp-json\/wp\/v2\/pages\/333","targetHints":{"allow":["GET"]}}],"collection":[{"href":"https:\/\/sandraveillette.com\/en\/wp-json\/wp\/v2\/pages"}],"about":[{"href":"https:\/\/sandraveillette.com\/en\/wp-json\/wp\/v2\/types\/page"}],"author":[{"embeddable":true,"href":"https:\/\/sandraveillette.com\/en\/wp-json\/wp\/v2\/users\/1"}],"replies":[{"embeddable":true,"href":"https:\/\/sandraveillette.com\/en\/wp-json\/wp\/v2\/comments?post=333"}],"version-history":[{"count":6,"href":"https:\/\/sandraveillette.com\/en\/wp-json\/wp\/v2\/pages\/333\/revisions"}],"predecessor-version":[{"id":1068,"href":"https:\/\/sandraveillette.com\/en\/wp-json\/wp\/v2\/pages\/333\/revisions\/1068"}],"wp:attachment":[{"href":"https:\/\/sandraveillette.com\/en\/wp-json\/wp\/v2\/media?parent=333"}],"curies":[{"name":"wp","href":"https:\/\/api.w.org\/{rel}","templated":true}]}}