{"id":799,"date":"2024-08-23T15:32:46","date_gmt":"2024-08-23T15:32:46","guid":{"rendered":"https:\/\/sandraveillette.com\/?post_type=product&#038;p=799"},"modified":"2024-08-26T01:38:12","modified_gmt":"2024-08-26T01:38:12","slug":"voir-jupiter-et-mourir","status":"publish","type":"product","link":"https:\/\/sandraveillette.com\/en\/product\/voir-jupiter-et-mourir\/","title":{"rendered":"Voir Jupiter et mourir"},"content":{"rendered":"","protected":false},"excerpt":{"rendered":"<p>Mat\u00e9riaux : arbousier et autres essences de bois, nid de gu\u00eapes, Echinops, argile \u00e9poxy, acrylique<\/p>\n<p>Dimensions: 42 x 24 x 10 cm<\/p>\n<p>Available at the gallery <a href=\"https:\/\/www.artdevivregalerie.com\/category\/sandra-veillette\">L&rsquo;art de vivre<\/a><\/p>","protected":false},"featured_media":800,"comment_status":"open","ping_status":"closed","template":"","meta":[],"product_brand":[],"product_cat":[22],"product_tag":[],"class_list":{"0":"post-799","1":"product","2":"type-product","3":"status-publish","4":"has-post-thumbnail","6":"product_cat-sculpture","7":"latest_post","8":"grid-sizer","10":"first","11":"instock","12":"shipping-taxable","13":"product-type-simple"},"_links":{"self":[{"href":"https:\/\/sandraveillette.com\/en\/wp-json\/wp\/v2\/product\/799","targetHints":{"allow":["GET"]}}],"collection":[{"href":"https:\/\/sandraveillette.com\/en\/wp-json\/wp\/v2\/product"}],"about":[{"href":"https:\/\/sandraveillette.com\/en\/wp-json\/wp\/v2\/types\/product"}],"replies":[{"embeddable":true,"href":"https:\/\/sandraveillette.com\/en\/wp-json\/wp\/v2\/comments?post=799"}],"wp:featuredmedia":[{"embeddable":true,"href":"https:\/\/sandraveillette.com\/en\/wp-json\/wp\/v2\/media\/800"}],"wp:attachment":[{"href":"https:\/\/sandraveillette.com\/en\/wp-json\/wp\/v2\/media?parent=799"}],"wp:term":[{"taxonomy":"product_brand","embeddable":true,"href":"https:\/\/sandraveillette.com\/en\/wp-json\/wp\/v2\/product_brand?post=799"},{"taxonomy":"product_cat","embeddable":true,"href":"https:\/\/sandraveillette.com\/en\/wp-json\/wp\/v2\/product_cat?post=799"},{"taxonomy":"product_tag","embeddable":true,"href":"https:\/\/sandraveillette.com\/en\/wp-json\/wp\/v2\/product_tag?post=799"}],"curies":[{"name":"wp","href":"https:\/\/api.w.org\/{rel}","templated":true}]}}