{"id":831,"date":"2024-07-08T16:10:17","date_gmt":"2024-07-08T16:10:17","guid":{"rendered":"https:\/\/sandraveillette.com\/?post_type=product&#038;p=831"},"modified":"2026-01-04T19:09:44","modified_gmt":"2026-01-04T19:09:44","slug":"pause-ephemere","status":"publish","type":"product","link":"https:\/\/sandraveillette.com\/en\/product\/pause-ephemere\/","title":{"rendered":"Pause \u00e9ph\u00e9m\u00e8re"},"content":{"rendered":"","protected":false},"excerpt":{"rendered":"<p>Materials: antler, dragonfly wings, wood, Echinops, epoxy clay, acrylic<\/p>\n<p>Dimensions: 16 x 20 x 12 cm<\/p>\n<p>Available at the gallery-boutique Renc'Art, located at 1415 Maguire Avenue in Qu\u00e9bec City<\/p>","protected":false},"featured_media":832,"comment_status":"open","ping_status":"closed","template":"","meta":[],"product_brand":[],"product_cat":[22],"product_tag":[],"class_list":{"0":"post-831","1":"product","2":"type-product","3":"status-publish","4":"has-post-thumbnail","6":"product_cat-sculpture","7":"latest_post","8":"grid-sizer","10":"first","11":"instock","12":"shipping-taxable","13":"product-type-simple"},"_links":{"self":[{"href":"https:\/\/sandraveillette.com\/en\/wp-json\/wp\/v2\/product\/831","targetHints":{"allow":["GET"]}}],"collection":[{"href":"https:\/\/sandraveillette.com\/en\/wp-json\/wp\/v2\/product"}],"about":[{"href":"https:\/\/sandraveillette.com\/en\/wp-json\/wp\/v2\/types\/product"}],"replies":[{"embeddable":true,"href":"https:\/\/sandraveillette.com\/en\/wp-json\/wp\/v2\/comments?post=831"}],"wp:featuredmedia":[{"embeddable":true,"href":"https:\/\/sandraveillette.com\/en\/wp-json\/wp\/v2\/media\/832"}],"wp:attachment":[{"href":"https:\/\/sandraveillette.com\/en\/wp-json\/wp\/v2\/media?parent=831"}],"wp:term":[{"taxonomy":"product_brand","embeddable":true,"href":"https:\/\/sandraveillette.com\/en\/wp-json\/wp\/v2\/product_brand?post=831"},{"taxonomy":"product_cat","embeddable":true,"href":"https:\/\/sandraveillette.com\/en\/wp-json\/wp\/v2\/product_cat?post=831"},{"taxonomy":"product_tag","embeddable":true,"href":"https:\/\/sandraveillette.com\/en\/wp-json\/wp\/v2\/product_tag?post=831"}],"curies":[{"name":"wp","href":"https:\/\/api.w.org\/{rel}","templated":true}]}}